{"id":34,"date":"2013-04-18T22:58:15","date_gmt":"2013-04-18T20:58:15","guid":{"rendered":"https:\/\/www.judo-blog.de\/test\/wordpress\/?page_id=34"},"modified":"2013-08-05T22:54:16","modified_gmt":"2013-08-05T20:54:16","slug":"judo","status":"publish","type":"page","link":"https:\/\/www.judo-blog.de\/wordpress\/judo\/","title":{"rendered":"Judo"},"content":{"rendered":"<p>Den Begriff Judo verstehe ich als die Bezeichnung eines Kampfsystems, das vor allem der Schulung realer k\u00e4mpferischer F\u00e4higkeiten sowie der damit verbundenen Schulung des K\u00f6rpers und des Geistes dient.<\/p>\n<p>Kano Jigoro erweiterte dieses Konzept um einen p\u00e4dagogischen Aspekt, der hier allerdings nicht im Mittelpunkt stehen soll.<\/p>\n<p>&nbsp;<\/p>\n<ul class=\"lcp_catlist\" id=\"lcp_instance_0\"><li><a href=\"https:\/\/www.judo-blog.de\/wordpress\/judo\/32-tokio-hirano-gedenk-lehrgang\/\">32. Tokio-Hirano-Gedenk\u2013Lehrgang<\/a><div class=\"lcp_excerpt\">Datum: 23. \/ 24. November 2013\nOrt: gro\u00dfe Sporthalle des MTV Urberach, Sch\u00f6mbsstr. 31, Urberach\nReferenten\nFrank Thiele 9. Dan Judo\nTom Herold 8. Dan Judo\n\nTrainingszeiten:\nSamstag, 23. November 9:00 &#8211; 19.30\nSonntag, 24. November 9:00 &#8211; 13:00\nLehrgangsthemen\nGrundlagen der Bewegungen im Stand\n\nGrundlagen der Ashi-Waza\nDrills\n\nNe-Waza\n\nChess-Drill, &#8222;Monkey-Drill&#8220;\nWiederholung der Basis-Elemente des Prasara Yoga und der &#8222;Animal Moves&#8220;\nEscapes\nFraming\nGuardpass\n\nW\u00fcrgen\n\nCross Choke\nBow-and-Arrow Choke\nSide Choke\nNorth-South-Choke\nGuillotine Choke\n\nLehrgangsgeb\u00fchr\n70,- Euro incl. Verpflegung ...<\/div><a href=\"https:\/\/www.judo-blog.de\/wordpress\/judo\/32-tokio-hirano-gedenk-lehrgang\/\">Weiterlesen...<\/a><\/li><li><a href=\"https:\/\/www.judo-blog.de\/wordpress\/allgemein\/was-sind-kata\/\">Was sind Kata?<\/a><div class=\"lcp_excerpt\">Was sind Kata &#8230;?\nIch habe auf diese Frage schon viele Antworten geh\u00f6rt. Da ich pers\u00f6nlich die meisten dieser Antworten unbefriedigend fand, m\u00f6chte ich nun versuchen, meinen eigenen Standpunkt darzulegen.\nKata sind simple Trainingsinstrumente und sollen sinnvolle, effektive Bewegungsmuster schulen. Das und nur das ist ihre Aufgabe.\nKata sind nicht dazu da, vor einem Publikum zu dessen Unterhaltung ...<\/div><a href=\"https:\/\/www.judo-blog.de\/wordpress\/allgemein\/was-sind-kata\/\">Weiterlesen...<\/a><\/li><li><a href=\"https:\/\/www.judo-blog.de\/wordpress\/allgemein\/wie-trainiert-man-tritt-und-schlagtechniken-im-judo\/\">Wie trainiert man Tritt- und Schlagtechniken im Judo?<\/a><div class=\"lcp_excerpt\">Es war eine lange, m\u00fchsame Arbeit, deutsche Judoka davon zu \u00fcberzeugen, da\u00df Kanos Kampfsystem sehr effektive Tritt- und Schlagtechniken enth\u00e4lt. Diese \u00dcberzeugungsarbeit ist noch immer nicht abgeschlossen, denn nach wie vor f\u00e4llt es vielen Judoka schwer, zu glauben, dass es im Judo derartig &#8222;unfaire&#8220; Techniken geben soll.\nDennoch setzt auch hierzulande allm\u00e4hlich ein Umdenken ein, und ...<\/div><a href=\"https:\/\/www.judo-blog.de\/wordpress\/allgemein\/wie-trainiert-man-tritt-und-schlagtechniken-im-judo\/\">Weiterlesen...<\/a><\/li><li><a href=\"https:\/\/www.judo-blog.de\/wordpress\/allgemein\/kano-judo-und-kodokan-bojutsu\/\">Kano, Judo und Kodokan Bojutsu<\/a><div class=\"lcp_excerpt\">Judo verf\u00fcgt \u00fcber ein gro\u00dfes Repertoire \u00e4u\u00dferst effektiver Techniken. Manche davon sind spektakul\u00e4r, andere wirken simpel &#8230; \nManche sind sehr bekannt. Man sieht sie in beinahe jedem Wettkampf. Andere, wie etwa die Tritt &#8211; und Schlagtechniken des Judo, sind selbst den meisten Judoka unbekannt. \nW\u00e4hrend sich nun ganz langsam die Erkenntnis durchsetzt, da\u00df Judo auch ...<\/div><a href=\"https:\/\/www.judo-blog.de\/wordpress\/allgemein\/kano-judo-und-kodokan-bojutsu\/\">Weiterlesen...<\/a><\/li><li><a href=\"https:\/\/www.judo-blog.de\/wordpress\/judo\/welcome\/\">Welcome!<\/a><div class=\"lcp_excerpt\">\u201cNever complain and never explain.\u201d \u2013 Benjamin Disraeli\nIn this blog we will discuss two very interesting topics: judo and karate. We will present our positions and ideas and give insight into our training.\nWe? Who is &#8222;we&#8220;&#8230;?\nTom Herold: active in Judo since 40 years, nonconformist, scornful, sarcastical, Diplom-P\u00e4dagoge (certified educationalist)\nRalf S.: active in Karate since 20 ...<\/div><a href=\"https:\/\/www.judo-blog.de\/wordpress\/judo\/welcome\/\">Weiterlesen...<\/a><\/li><li><a href=\"https:\/\/www.judo-blog.de\/wordpress\/allgemein\/scramble-position\/\">Scramble &#038; Position<\/a><div class=\"lcp_excerpt\">Der folgende Beitrag wurde von Dennis Br\u00f6tzmann verfa\u00dft, der f\u00fcr unseren Blog als Gastautor schreibt:\n&#8222;Position before Submission&#8220;, das ist der Tenor, den man in jeder BJJ-Klasse zu h\u00f6ren bekommt. Damit ist gemeint, dass zuerst die Position erarbeitet, gesichert und am Ende schlie\u00dflich die Submission durchgef\u00fchrt werden soll.\nDiese Strategie ist sicher, mag ihre Zeit dauern und ...<\/div><a href=\"https:\/\/www.judo-blog.de\/wordpress\/allgemein\/scramble-position\/\">Weiterlesen...<\/a><\/li><li><a href=\"https:\/\/www.judo-blog.de\/wordpress\/judo\/konnen-und-graduierungen\/\">K\u00f6nnen und Graduierungen<\/a><div class=\"lcp_excerpt\">Was sagen Graduierungen tats\u00e4chlich aus?\nIch bin sicher, da\u00df sich schon viele von euch diese Frage gestellt haben. Gibt es einen zuverl\u00e4ssigen Ma\u00dfstab, an dem sich die Graduierungen der verschiedenen Kampfsysteme messen lassen? Oder sind diese Graduierungen selbst der Ma\u00dfstab?\n\nAls Kano Jigoro das Kyu-Dan-System in sein Judo integrierte, war es seine erkl\u00e4rte Absicht, eine extrinsische Motivation ...<\/div><a href=\"https:\/\/www.judo-blog.de\/wordpress\/judo\/konnen-und-graduierungen\/\">Weiterlesen...<\/a><\/li><li><a href=\"https:\/\/www.judo-blog.de\/wordpress\/technik\/denk-und-bewegungsmuster-als-schlussel-zum-verstandnis-des-judo-2\/\">Denk- und Bewegungsmuster als Schl\u00fcssel zum Verst\u00e4ndnis des J\u00fbd\u00f4<\/a><div class=\"lcp_excerpt\">Moshe Feldenkrais sagte sinngem\u00e4\u00df, da\u00df wir stets dem Bilde nach handeln, das wir uns von uns selbst machen.\nDar\u00fcber sollten wir gr\u00fcndlich nachdenken, denn dieser Satz ist der Schl\u00fcssel zum Verst\u00e4ndnis des J\u00fbd\u00f4.\nWie nehmen wir uns wahr? Sind wir z.B. jederzeit in der Lage, wirklich bewusst wahrzunehmen, wie wir uns bewegen?\nNein, sind wir nicht.\nDenn wenn wir ...<\/div><a href=\"https:\/\/www.judo-blog.de\/wordpress\/technik\/denk-und-bewegungsmuster-als-schlussel-zum-verstandnis-des-judo-2\/\">Weiterlesen...<\/a><\/li><li><a href=\"https:\/\/www.judo-blog.de\/wordpress\/judo\/31-tokio-hirano-gedenk-lehrgang\/\">31. Tokio-Hirano-Gedenk\u2013Lehrgang<\/a><div class=\"lcp_excerpt\">Datum: 25. Mai \/ 26. Mai 2013\nOrt: gro\u00dfe Sporthalle des MTV Urberach, Sch\u00f6mbsstr. 31, Urberach\nReferenten\nFrank Thiele 9. Dan Judo\nTom Herold 8. Dan Judo\n\nTrainingszeiten:\nSamstag, 25. Mai 9:00 &#8211; 19.30\nSonntag, 26. Mai 9:00 &#8211; 14:30\nLehrgangsthemen\nGrundlagen der Bewegungen im Stand\n\nHappo Undo, Anwendungen\nGrundlagen der Ashi-Waza, Drills\nGrundlagen der Yoko-Sutemi-Waza, Drills\n\nAuch diesmal werden wir ausf\u00fchrlich auf effektive Fa\u00dfarten eingehen, hierbei vor ...<\/div><a href=\"https:\/\/www.judo-blog.de\/wordpress\/judo\/31-tokio-hirano-gedenk-lehrgang\/\">Weiterlesen...<\/a><\/li><\/ul>\n","protected":false},"excerpt":{"rendered":"<p>Den Begriff Judo verstehe ich als die Bezeichnung eines Kampfsystems, das vor allem der Schulung realer k\u00e4mpferischer F\u00e4higkeiten sowie der damit verbundenen Schulung des K\u00f6rpers und des Geistes dient. Kano Jigoro erweiterte dieses Konzept um einen p\u00e4dagogischen Aspekt, der hier &hellip; <a href=\"https:\/\/www.judo-blog.de\/wordpress\/judo\/\">Weiterlesen <span class=\"meta-nav\">&rarr;<\/span><\/a><\/p>\n","protected":false},"author":2,"featured_media":0,"parent":0,"menu_order":0,"comment_status":"closed","ping_status":"closed","template":"sidebar-page.php","meta":[],"_links":{"self":[{"href":"https:\/\/www.judo-blog.de\/wordpress\/wp-json\/wp\/v2\/pages\/34"}],"collection":[{"href":"https:\/\/www.judo-blog.de\/wordpress\/wp-json\/wp\/v2\/pages"}],"about":[{"href":"https:\/\/www.judo-blog.de\/wordpress\/wp-json\/wp\/v2\/types\/page"}],"author":[{"embeddable":true,"href":"https:\/\/www.judo-blog.de\/wordpress\/wp-json\/wp\/v2\/users\/2"}],"replies":[{"embeddable":true,"href":"https:\/\/www.judo-blog.de\/wordpress\/wp-json\/wp\/v2\/comments?post=34"}],"version-history":[{"count":19,"href":"https:\/\/www.judo-blog.de\/wordpress\/wp-json\/wp\/v2\/pages\/34\/revisions"}],"predecessor-version":[{"id":529,"href":"https:\/\/www.judo-blog.de\/wordpress\/wp-json\/wp\/v2\/pages\/34\/revisions\/529"}],"wp:attachment":[{"href":"https:\/\/www.judo-blog.de\/wordpress\/wp-json\/wp\/v2\/media?parent=34"}],"curies":[{"name":"wp","href":"https:\/\/api.w.org\/{rel}","templated":true}]}}